{"id":1954,"date":"2026-03-30T22:25:15","date_gmt":"2026-03-30T20:25:15","guid":{"rendered":"https:\/\/haw-co2free.com\/evenements\/lavenir-energetique-de-lafrique-de-louest\/presentations\/"},"modified":"2026-04-08T15:18:47","modified_gmt":"2026-04-08T13:18:47","slug":"presentations","status":"publish","type":"page","link":"https:\/\/haw-co2free.com\/fr\/evenements\/lavenir-energetique-de-lafrique-de-louest\/presentations\/","title":{"rendered":"Pr\u00e9sentations"},"content":{"rendered":"[vc_row type=\u00a0\u00bbfull_width_background\u00a0\u00bb full_screen_row_position=\u00a0\u00bbmiddle\u00a0\u00bb column_margin=\u00a0\u00bbdefault\u00a0\u00bb column_direction=\u00a0\u00bbdefault\u00a0\u00bb column_direction_tablet=\u00a0\u00bbdefault\u00a0\u00bb column_direction_phone=\u00a0\u00bbdefault\u00a0\u00bb bg_color=\u00a0\u00bb#ffffff\u00a0\u00bb scene_position=\u00a0\u00bbcenter\u00a0\u00bb top_padding=\u00a0\u00bb5%\u00a0\u00bb bottom_padding=\u00a0\u00bb5%\u00a0\u00bb text_color=\u00a0\u00bbdark\u00a0\u00bb text_align=\u00a0\u00bbleft\u00a0\u00bb row_border_radius=\u00a0\u00bbnone\u00a0\u00bb row_border_radius_applies=\u00a0\u00bbbg\u00a0\u00bb overflow=\u00a0\u00bbvisible\u00a0\u00bb overlay_strength=\u00a0\u00bb1&Prime; gradient_direction=\u00a0\u00bbleft_to_right\u00a0\u00bb shape_divider_position=\u00a0\u00bbbottom\u00a0\u00bb bg_image_animation=\u00a0\u00bbnone\u00a0\u00bb gradient_type=\u00a0\u00bbdefault\u00a0\u00bb shape_type=\u00a0\u00bb\u00a0\u00bb][vc_column column_padding=\u00a0\u00bbno-extra-padding\u00a0\u00bb column_padding_tablet=\u00a0\u00bbinherit\u00a0\u00bb column_padding_phone=\u00a0\u00bbinherit\u00a0\u00bb column_padding_position=\u00a0\u00bball\u00a0\u00bb column_element_direction_desktop=\u00a0\u00bbdefault\u00a0\u00bb column_element_spacing=\u00a0\u00bbdefault\u00a0\u00bb desktop_text_alignment=\u00a0\u00bbdefault\u00a0\u00bb tablet_text_alignment=\u00a0\u00bbdefault\u00a0\u00bb phone_text_alignment=\u00a0\u00bbdefault\u00a0\u00bb background_color_opacity=\u00a0\u00bb1&Prime; background_hover_color_opacity=\u00a0\u00bb1&Prime; column_backdrop_filter=\u00a0\u00bbnone\u00a0\u00bb column_shadow=\u00a0\u00bbnone\u00a0\u00bb column_border_radius=\u00a0\u00bbnone\u00a0\u00bb column_link_target=\u00a0\u00bb_self\u00a0\u00bb column_position=\u00a0\u00bbdefault\u00a0\u00bb gradient_direction=\u00a0\u00bbleft_to_right\u00a0\u00bb overlay_strength=\u00a0\u00bb0.3&Prime; width=\u00a0\u00bb1\/1&Prime; tablet_width_inherit=\u00a0\u00bbdefault\u00a0\u00bb animation_type=\u00a0\u00bbdefault\u00a0\u00bb bg_image_animation=\u00a0\u00bbnone\u00a0\u00bb border_type=\u00a0\u00bbsimple\u00a0\u00bb column_border_width=\u00a0\u00bbnone\u00a0\u00bb column_border_style=\u00a0\u00bbsolid\u00a0\u00bb][vc_row_inner equal_height=\u00a0\u00bbyes\u00a0\u00bb column_margin=\u00a0\u00bbdefault\u00a0\u00bb column_direction=\u00a0\u00bbdefault\u00a0\u00bb column_direction_tablet=\u00a0\u00bbdefault\u00a0\u00bb column_direction_phone=\u00a0\u00bbdefault\u00a0\u00bb text_align=\u00a0\u00bbleft\u00a0\u00bb row_position=\u00a0\u00bbdefault\u00a0\u00bb row_position_tablet=\u00a0\u00bbinherit\u00a0\u00bb row_position_phone=\u00a0\u00bbinherit\u00a0\u00bb overflow=\u00a0\u00bbvisible\u00a0\u00bb pointer_events=\u00a0\u00bball\u00a0\u00bb css=\u00a0\u00bb.vc_custom_1695725859885{margin-bottom: 0px !important;}\u00a0\u00bb][vc_column_inner column_padding=\u00a0\u00bbpadding-3-percent\u00a0\u00bb column_padding_tablet=\u00a0\u00bbinherit\u00a0\u00bb column_padding_phone=\u00a0\u00bbinherit\u00a0\u00bb column_padding_position=\u00a0\u00bbtop-bottom\u00a0\u00bb column_element_direction_desktop=\u00a0\u00bbdefault\u00a0\u00bb column_element_spacing=\u00a0\u00bbdefault\u00a0\u00bb desktop_text_alignment=\u00a0\u00bbdefault\u00a0\u00bb tablet_text_alignment=\u00a0\u00bbdefault\u00a0\u00bb phone_text_alignment=\u00a0\u00bbdefault\u00a0\u00bb background_color_opacity=\u00a0\u00bb1&Prime; background_hover_color_opacity=\u00a0\u00bb1&Prime; column_backdrop_filter=\u00a0\u00bbnone\u00a0\u00bb column_shadow=\u00a0\u00bbnone\u00a0\u00bb column_border_radius=\u00a0\u00bbnone\u00a0\u00bb column_link_target=\u00a0\u00bb_self\u00a0\u00bb overflow=\u00a0\u00bbvisible\u00a0\u00bb gradient_direction=\u00a0\u00bbleft_to_right\u00a0\u00bb overlay_strength=\u00a0\u00bb0.3&Prime; width=\u00a0\u00bb2\/5&Prime; tablet_width_inherit=\u00a0\u00bbdefault\u00a0\u00bb animation_type=\u00a0\u00bbdefault\u00a0\u00bb bg_image_animation=\u00a0\u00bbnone\u00a0\u00bb border_type=\u00a0\u00bbsimple\u00a0\u00bb column_border_width=\u00a0\u00bbnone\u00a0\u00bb column_border_style=\u00a0\u00bbsolid\u00a0\u00bb][vc_custom_heading text=\u00a0\u00bbT\u00e9l\u00e9chargements\u00a0\u00bb font_container=\u00a0\u00bbtag:h1|text_align:left|color:%23003ca0&Prime; use_theme_fonts=\u00a0\u00bbyes\u00a0\u00bb][divider line_type=\u00a0\u00bbNo Line\u00a0\u00bb custom_height=\u00a0\u00bb40&Prime;][nectar_btn size=\u00a0\u00bbsmall\u00a0\u00bb button_style=\u00a0\u00bbregular\u00a0\u00bb button_color_2=\u00a0\u00bbAccent-Color\u00a0\u00bb icon_family=\u00a0\u00bbnone\u00a0\u00bb text=\u00a0\u00bb\u00c0 propos du voyage\u00a0\u00bb url=\u00a0\u00bbhttps:\/\/haw-co2free.com\/fr\/evenements\/lavenir-energetique-de-lafrique-de-louest-2\/\u00a0\u00bb][vc_column_text css=\u00a0\u00bb\u00a0\u00bb text_direction=\u00a0\u00bbdefault\u00a0\u00bb]Voyage de d\u00e9l\u00e9gation au S\u00e9n\u00e9gal 2025<\/p>\n<p>28 novembre \u2013 6 d\u00e9cembre 2025[\/vc_column_text][\/vc_column_inner][vc_column_inner column_padding=\u00a0\u00bbno-extra-padding\u00a0\u00bb column_padding_tablet=\u00a0\u00bbinherit\u00a0\u00bb column_padding_phone=\u00a0\u00bbinherit\u00a0\u00bb column_padding_position=\u00a0\u00bball\u00a0\u00bb column_element_direction_desktop=\u00a0\u00bbdefault\u00a0\u00bb column_element_spacing=\u00a0\u00bbdefault\u00a0\u00bb desktop_text_alignment=\u00a0\u00bbdefault\u00a0\u00bb tablet_text_alignment=\u00a0\u00bbdefault\u00a0\u00bb phone_text_alignment=\u00a0\u00bbdefault\u00a0\u00bb background_color_opacity=\u00a0\u00bb1&Prime; background_hover_color_opacity=\u00a0\u00bb1&Prime; column_backdrop_filter=\u00a0\u00bbnone\u00a0\u00bb column_shadow=\u00a0\u00bbnone\u00a0\u00bb column_border_radius=\u00a0\u00bbnone\u00a0\u00bb column_link_target=\u00a0\u00bb_self\u00a0\u00bb overflow=\u00a0\u00bbvisible\u00a0\u00bb gradient_direction=\u00a0\u00bbleft_to_right\u00a0\u00bb overlay_strength=\u00a0\u00bb0.3&Prime; width=\u00a0\u00bb3\/5&Prime; tablet_width_inherit=\u00a0\u00bbdefault\u00a0\u00bb animation_type=\u00a0\u00bbdefault\u00a0\u00bb bg_image_animation=\u00a0\u00bbnone\u00a0\u00bb border_type=\u00a0\u00bbsimple\u00a0\u00bb column_border_width=\u00a0\u00bbnone\u00a0\u00bb column_border_style=\u00a0\u00bbsolid\u00a0\u00bb column_padding_type=\u00a0\u00bbdefault\u00a0\u00bb gradient_type=\u00a0\u00bbdefault\u00a0\u00bb]<div class=\"nectar-fancy-ul\" data-list-icon=\"fa fa-download\" data-animation=\"false\" data-animation-delay=\"0\" data-color=\"accent-color\" data-spacing=\"default\" data-alignment=\"left\"> \n<div style=\"margin: 32px 0 0;\"><strong>Bourses d\u2019\u00e9tudes et de recherche<\/strong><br \/><em>Ania Marquez Garcia, DAAD Lektorin<\/em><\/div>\n<ul>\n<li><a href=\"https:\/\/haw-co2free.com\/wp-content\/uploads\/2026\/03\/CO2Free_DAAD_Annia_Marques_Garcia.pdf\" target=\"_blank\" rel=\"noopener\">CO2FREE_DAAD_Ania_Marquez_Garcia.pdf<\/a><\/li>\n<\/ul>\n<div style=\"margin: 32px 0 0;\"><strong>Why study <\/strong><strong>\u201cMECHANICAL ENGINEERING (B.Sc.)\u201c<\/strong><br \/><em>Prof. Dr. Henner G\u00e4rtner, HAW, Fakult\u00e4t NIW<\/em><\/div>\n<div>\n<ul>\n<li><a href=\"https:\/\/haw-co2free.com\/wp-content\/uploads\/2026\/03\/CO2Free_HAW_Henner_Gaertner.pdf\" target=\"_blank\" rel=\"noopener\">CO2FREE_HAW_Henner_G\u00e4rtner<\/a><a href=\"https:\/\/haw-co2free.com\/wp-content\/uploads\/2026\/03\/CO2Free_HAW_Henner_Gaertner.pdf\" target=\"_blank\" rel=\"noopener\">.pdf<\/a><\/li>\n<\/ul>\n<\/div>\n<div style=\"margin: 32px 0 0;\"><strong>Mobility PFE ESP-HAW <\/strong><span data-scheme-color=\"@FFFFFF,0,\" data-usefontface=\"true\" data-contrast=\"none\">C<\/span><span data-scheme-color=\"@FFFFFF,0,\" data-usefontface=\"true\" data-contrast=\"none\">heikh Niang Sall<\/span>\u200b, Sidy Mouhamed SAMB<\/div>\n<ul>\n<li><a href=\"https:\/\/haw-co2free.com\/wp-content\/uploads\/2026\/03\/CO2Free_ESP_Samb_Sall.pdf\" target=\"_blank\" rel=\"noopener\">Co2FREE_ESP_Samb_Sall.pdf<\/a><\/li>\n<\/ul>\n<div style=\"margin: 32px 0 0;\"><strong>Rapport d\u2019activit\u00e9 du s\u00e9jour \u00e0 Hambourg<\/strong><br \/><em>Emmanuelle Dosseh, PHD-Student ESP, Dakar<\/em><\/div>\n<ul>\n<li><a href=\"https:\/\/haw-co2free.com\/wp-content\/uploads\/2026\/03\/CO2Free_ESP_Emmanuelle_Dosseh.pdf\" target=\"_blank\" rel=\"noopener\">CO2FREE_ESP_Emmanuelle_Dosseh<\/a><a href=\"https:\/\/haw-co2free.com\/wp-content\/uploads\/2026\/03\/CO2Free_ESP_Emmanuelle_Dosseh.pdf\" target=\"_blank\" rel=\"noopener\">.pdf<\/a><\/li>\n<\/ul>\n<div style=\"margin: 32px 0 0;\"><strong>Rapport d\u2019activit\u00e9 du s\u00e9jour \u00e0 Hambourg<\/strong><br \/><em>Mankeur Ndiaye, PHD-Student ESP, Dakar<\/em><\/div>\n<ul>\n<li><a href=\"https:\/\/haw-co2free.com\/wp-content\/uploads\/2026\/03\/CO2Free_ESP_Mankeur_Ndiaye.pdf\" target=\"_blank\" rel=\"noopener\">Co2FREE_ESP_Mankeur_Ndiaye.pdf<\/a><\/li>\n<\/ul>\n <\/div>[\/vc_column_inner][\/vc_row_inner][\/vc_column][\/vc_row]\n","protected":false},"excerpt":{"rendered":"<p>[vc_row type=\u00a0\u00bbfull_width_background\u00a0\u00bb full_screen_row_position=\u00a0\u00bbmiddle\u00a0\u00bb column_margin=\u00a0\u00bbdefault\u00a0\u00bb column_direction=\u00a0\u00bbdefault\u00a0\u00bb column_direction_tablet=\u00a0\u00bbdefault\u00a0\u00bb column_direction_phone=\u00a0\u00bbdefault\u00a0\u00bb bg_color=\u00a0\u00bb#ffffff\u00a0\u00bb scene_position=\u00a0\u00bbcenter\u00a0\u00bb top_padding=\u00a0\u00bb5%\u00a0\u00bb bottom_padding=\u00a0\u00bb5%\u00a0\u00bb text_color=\u00a0\u00bbdark\u00a0\u00bb text_align=\u00a0\u00bbleft\u00a0\u00bb row_border_radius=\u00a0\u00bbnone\u00a0\u00bb row_border_radius_applies=\u00a0\u00bbbg\u00a0\u00bb overflow=\u00a0\u00bbvisible\u00a0\u00bb overlay_strength=\u00a0\u00bb1&Prime; gradient_direction=\u00a0\u00bbleft_to_right\u00a0\u00bb shape_divider_position=\u00a0\u00bbbottom\u00a0\u00bb bg_image_animation=\u00a0\u00bbnone\u00a0\u00bb gradient_type=\u00a0\u00bbdefault\u00a0\u00bb shape_type=\u00a0\u00bb\u00a0\u00bb][vc_column column_padding=\u00a0\u00bbno-extra-padding\u00a0\u00bb column_padding_tablet=\u00a0\u00bbinherit\u00a0\u00bb column_padding_phone=\u00a0\u00bbinherit\u00a0\u00bb&#8230;<\/p>\n","protected":false},"author":4,"featured_media":0,"parent":1239,"menu_order":0,"comment_status":"closed","ping_status":"closed","template":"","meta":{"inline_featured_image":false,"footnotes":""},"class_list":["post-1954","page","type-page","status-publish"],"_links":{"self":[{"href":"https:\/\/haw-co2free.com\/fr\/wp-json\/wp\/v2\/pages\/1954","targetHints":{"allow":["GET"]}}],"collection":[{"href":"https:\/\/haw-co2free.com\/fr\/wp-json\/wp\/v2\/pages"}],"about":[{"href":"https:\/\/haw-co2free.com\/fr\/wp-json\/wp\/v2\/types\/page"}],"author":[{"embeddable":true,"href":"https:\/\/haw-co2free.com\/fr\/wp-json\/wp\/v2\/users\/4"}],"replies":[{"embeddable":true,"href":"https:\/\/haw-co2free.com\/fr\/wp-json\/wp\/v2\/comments?post=1954"}],"version-history":[{"count":2,"href":"https:\/\/haw-co2free.com\/fr\/wp-json\/wp\/v2\/pages\/1954\/revisions"}],"predecessor-version":[{"id":1956,"href":"https:\/\/haw-co2free.com\/fr\/wp-json\/wp\/v2\/pages\/1954\/revisions\/1956"}],"up":[{"embeddable":true,"href":"https:\/\/haw-co2free.com\/fr\/wp-json\/wp\/v2\/pages\/1239"}],"wp:attachment":[{"href":"https:\/\/haw-co2free.com\/fr\/wp-json\/wp\/v2\/media?parent=1954"}],"curies":[{"name":"wp","href":"https:\/\/api.w.org\/{rel}","templated":true}]}}