{"id":1940,"date":"2023-10-20T12:13:11","date_gmt":"2023-10-20T10:13:11","guid":{"rendered":"https:\/\/haw-co2free.com\/evenements\/lavenir-energetique-de-lafrique-de-louest\/telechargements\/"},"modified":"2026-04-08T15:04:09","modified_gmt":"2026-04-08T13:04:09","slug":"telechargements","status":"publish","type":"page","link":"https:\/\/haw-co2free.com\/fr\/evenements\/lavenir-energetique-de-lafrique-de-louest\/telechargements\/","title":{"rendered":"T\u00e9l\u00e9chargements"},"content":{"rendered":"[vc_row type=\u00a0\u00bbfull_width_background\u00a0\u00bb full_screen_row_position=\u00a0\u00bbmiddle\u00a0\u00bb column_margin=\u00a0\u00bbdefault\u00a0\u00bb column_direction=\u00a0\u00bbdefault\u00a0\u00bb column_direction_tablet=\u00a0\u00bbdefault\u00a0\u00bb column_direction_phone=\u00a0\u00bbdefault\u00a0\u00bb bg_color=\u00a0\u00bb#ffffff\u00a0\u00bb scene_position=\u00a0\u00bbcenter\u00a0\u00bb top_padding=\u00a0\u00bb5%\u00a0\u00bb bottom_padding=\u00a0\u00bb5%\u00a0\u00bb text_color=\u00a0\u00bbdark\u00a0\u00bb text_align=\u00a0\u00bbleft\u00a0\u00bb row_border_radius=\u00a0\u00bbnone\u00a0\u00bb row_border_radius_applies=\u00a0\u00bbbg\u00a0\u00bb overflow=\u00a0\u00bbvisible\u00a0\u00bb overlay_strength=\u00a0\u00bb1&Prime; gradient_direction=\u00a0\u00bbleft_to_right\u00a0\u00bb shape_divider_position=\u00a0\u00bbbottom\u00a0\u00bb bg_image_animation=\u00a0\u00bbnone\u00a0\u00bb gradient_type=\u00a0\u00bbdefault\u00a0\u00bb shape_type=\u00a0\u00bb\u00a0\u00bb][vc_column column_padding=\u00a0\u00bbno-extra-padding\u00a0\u00bb column_padding_tablet=\u00a0\u00bbinherit\u00a0\u00bb column_padding_phone=\u00a0\u00bbinherit\u00a0\u00bb column_padding_position=\u00a0\u00bball\u00a0\u00bb column_element_direction_desktop=\u00a0\u00bbdefault\u00a0\u00bb column_element_spacing=\u00a0\u00bbdefault\u00a0\u00bb desktop_text_alignment=\u00a0\u00bbdefault\u00a0\u00bb tablet_text_alignment=\u00a0\u00bbdefault\u00a0\u00bb phone_text_alignment=\u00a0\u00bbdefault\u00a0\u00bb background_color_opacity=\u00a0\u00bb1&Prime; background_hover_color_opacity=\u00a0\u00bb1&Prime; column_backdrop_filter=\u00a0\u00bbnone\u00a0\u00bb column_shadow=\u00a0\u00bbnone\u00a0\u00bb column_border_radius=\u00a0\u00bbnone\u00a0\u00bb column_link_target=\u00a0\u00bb_self\u00a0\u00bb column_position=\u00a0\u00bbdefault\u00a0\u00bb gradient_direction=\u00a0\u00bbleft_to_right\u00a0\u00bb overlay_strength=\u00a0\u00bb0.3&Prime; width=\u00a0\u00bb1\/1&Prime; tablet_width_inherit=\u00a0\u00bbdefault\u00a0\u00bb animation_type=\u00a0\u00bbdefault\u00a0\u00bb bg_image_animation=\u00a0\u00bbnone\u00a0\u00bb border_type=\u00a0\u00bbsimple\u00a0\u00bb column_border_width=\u00a0\u00bbnone\u00a0\u00bb column_border_style=\u00a0\u00bbsolid\u00a0\u00bb][vc_row_inner equal_height=\u00a0\u00bbyes\u00a0\u00bb column_margin=\u00a0\u00bbdefault\u00a0\u00bb column_direction=\u00a0\u00bbdefault\u00a0\u00bb column_direction_tablet=\u00a0\u00bbdefault\u00a0\u00bb column_direction_phone=\u00a0\u00bbdefault\u00a0\u00bb text_align=\u00a0\u00bbleft\u00a0\u00bb row_position=\u00a0\u00bbdefault\u00a0\u00bb row_position_tablet=\u00a0\u00bbinherit\u00a0\u00bb row_position_phone=\u00a0\u00bbinherit\u00a0\u00bb overflow=\u00a0\u00bbvisible\u00a0\u00bb pointer_events=\u00a0\u00bball\u00a0\u00bb css=\u00a0\u00bb.vc_custom_1695725859885{margin-bottom: 0px !important;}\u00a0\u00bb][vc_column_inner column_padding=\u00a0\u00bbpadding-3-percent\u00a0\u00bb column_padding_tablet=\u00a0\u00bbinherit\u00a0\u00bb column_padding_phone=\u00a0\u00bbinherit\u00a0\u00bb column_padding_position=\u00a0\u00bbtop-bottom\u00a0\u00bb column_element_direction_desktop=\u00a0\u00bbdefault\u00a0\u00bb column_element_spacing=\u00a0\u00bbdefault\u00a0\u00bb desktop_text_alignment=\u00a0\u00bbdefault\u00a0\u00bb tablet_text_alignment=\u00a0\u00bbdefault\u00a0\u00bb phone_text_alignment=\u00a0\u00bbdefault\u00a0\u00bb background_color_opacity=\u00a0\u00bb1&Prime; background_hover_color_opacity=\u00a0\u00bb1&Prime; column_backdrop_filter=\u00a0\u00bbnone\u00a0\u00bb column_shadow=\u00a0\u00bbnone\u00a0\u00bb column_border_radius=\u00a0\u00bbnone\u00a0\u00bb column_link_target=\u00a0\u00bb_self\u00a0\u00bb overflow=\u00a0\u00bbvisible\u00a0\u00bb gradient_direction=\u00a0\u00bbleft_to_right\u00a0\u00bb overlay_strength=\u00a0\u00bb0.3&Prime; width=\u00a0\u00bb2\/5&Prime; tablet_width_inherit=\u00a0\u00bbdefault\u00a0\u00bb animation_type=\u00a0\u00bbdefault\u00a0\u00bb bg_image_animation=\u00a0\u00bbnone\u00a0\u00bb border_type=\u00a0\u00bbsimple\u00a0\u00bb column_border_width=\u00a0\u00bbnone\u00a0\u00bb column_border_style=\u00a0\u00bbsolid\u00a0\u00bb][vc_custom_heading text=\u00a0\u00bbT\u00e9l\u00e9chargements\u00a0\u00bb font_container=\u00a0\u00bbtag:h1|text_align:left|color:%23003ca0&Prime; use_theme_fonts=\u00a0\u00bbyes\u00a0\u00bb][divider line_type=\u00a0\u00bbNo Line\u00a0\u00bb custom_height=\u00a0\u00bb40&Prime;][vc_custom_heading text=\u00a0\u00bbpour le WORKSHOP\u00a0\u00bb font_container=\u00a0\u00bbtag:h4|text_align:left|color:%23003ca0&Prime; google_fonts=\u00a0\u00bbfont_family:Open%20Sans%3A300%2C300italic%2Cregular%2Citalic%2C600%2C600italic%2C700%2C700italic%2C800%2C800italic|font_style:600%20bold%20regular%3A600%3Anormal\u00a0\u00bb][vc_column_text]<strong>\u201eAvenir \u00e9nerg\u00e9tique de l\u2019Afrique de l\u2019Ouest.<\/strong><br \/>\n<strong>Personnes. Comp\u00e9tences. Technologies\u00a0\u00bb  <\/strong>[\/vc_column_text][vc_column_text]Mittwoch, 11. Oktober 2023 | 10 \u2013 17 Uhr<br \/>\nHAW Hamburg | Geb\u00e4ude BT 21 | Raum 202<br \/>\nBerliner Tor 21 | 20099 Hamburg[\/vc_column_text][\/vc_column_inner][vc_column_inner column_padding=\u00a0\u00bbno-extra-padding\u00a0\u00bb column_padding_tablet=\u00a0\u00bbinherit\u00a0\u00bb column_padding_phone=\u00a0\u00bbinherit\u00a0\u00bb column_padding_position=\u00a0\u00bball\u00a0\u00bb column_element_direction_desktop=\u00a0\u00bbdefault\u00a0\u00bb column_element_spacing=\u00a0\u00bbdefault\u00a0\u00bb desktop_text_alignment=\u00a0\u00bbdefault\u00a0\u00bb tablet_text_alignment=\u00a0\u00bbdefault\u00a0\u00bb phone_text_alignment=\u00a0\u00bbdefault\u00a0\u00bb background_color_opacity=\u00a0\u00bb1&Prime; background_hover_color_opacity=\u00a0\u00bb1&Prime; column_backdrop_filter=\u00a0\u00bbnone\u00a0\u00bb column_shadow=\u00a0\u00bbnone\u00a0\u00bb column_border_radius=\u00a0\u00bbnone\u00a0\u00bb column_link_target=\u00a0\u00bb_self\u00a0\u00bb overflow=\u00a0\u00bbvisible\u00a0\u00bb gradient_direction=\u00a0\u00bbleft_to_right\u00a0\u00bb overlay_strength=\u00a0\u00bb0.3&Prime; width=\u00a0\u00bb3\/5&Prime; tablet_width_inherit=\u00a0\u00bbdefault\u00a0\u00bb animation_type=\u00a0\u00bbdefault\u00a0\u00bb bg_image_animation=\u00a0\u00bbnone\u00a0\u00bb border_type=\u00a0\u00bbsimple\u00a0\u00bb column_border_width=\u00a0\u00bbnone\u00a0\u00bb column_border_style=\u00a0\u00bbsolid\u00a0\u00bb column_padding_type=\u00a0\u00bbdefault\u00a0\u00bb gradient_type=\u00a0\u00bbdefault\u00a0\u00bb]<div class=\"nectar-fancy-ul\" data-list-icon=\"fa fa-download\" data-animation=\"false\" data-animation-delay=\"0\" data-color=\"accent-color\" data-spacing=\"default\" data-alignment=\"left\"> \n<div style=\"margin: 32px 0 0;\"><strong>Professionnels des \u00e9nergies renouvelables au S\u00e9n\u00e9gal<\/strong><br \/>\n<em>Prof. Anna K. Usbeck, Fakult\u00e4t Technik und Informatik, HAW Hamburg<\/em><\/div>\n<ul>\n<li><a href=\"https:\/\/haw-co2free.com\/wp-content\/uploads\/2023\/10\/CO2FREE_HAW_AnnaUsbeck.pdf\" target=\"_blank\" rel=\"noopener\">CO2FREE_HAW_AnnaUsbeck.pdf<\/a><\/li>\n<\/ul>\n<div style=\"margin: 32px 0 0;\"><strong>How to ensure the quality of decentralized solar power generation systems?<\/strong><br \/>\n<em>Dr. Jens Eiko Birkholz, Head of Sales &amp; Business Development SMA<\/em><\/div>\n<ul>\n<li><a href=\"https:\/\/haw-co2free.com\/wp-content\/uploads\/2023\/10\/CO2FREE_SMA_JensBirkholz.pdf\" target=\"_blank\" rel=\"noopener\">CO2FREE_SMA_JensBirkholz.pdf<\/a><\/li>\n<\/ul>\n<div style=\"margin: 32px 0 0;\"><strong>Off-Grid Europe\u2019s Journey: Electrifying rural Senegal with Mini-Grids<\/strong><br \/>\n<em>Mark Kragh, Founder &amp; CTO Off-Grid Europe GmbH<\/em><\/div>\n<ul>\n<li><a href=\"https:\/\/haw-co2free.com\/wp-content\/uploads\/2023\/10\/Co2FREE_Off-GridEurope_MarkKragh.pdf\" target=\"_blank\" rel=\"noopener\">Co2FREE_Off-GridEurope_MarkKragh.pdf<\/a><\/li>\n<\/ul>\n<div style=\"margin: 32px 0 0;\"><strong>Renewable Energy for West African Mines \u2013 Challenges &amp; Solutions<\/strong><br \/>\n<em>Boris Westphal, CEO Business Unit Renewables, Dornier Suntrace GmbH<\/em><\/div>\n<ul>\n<li><a href=\"https:\/\/haw-co2free.com\/wp-content\/uploads\/2023\/10\/CO2FREE_DornierSuntrace_BorisWestphal.pdf\" target=\"_blank\" rel=\"noopener\">CO2FREE_DornierSuntrace_BorisWestphal.pdf<\/a><\/li>\n<\/ul>\n<div style=\"margin: 32px 0 0;\"><strong>A world electrified by renewable energy<\/strong><br \/>\n<em>Romana Hartke, Senior Business Development Manager Mainstream Renewable Power<\/em><\/div>\n<ul>\n<li><a href=\"https:\/\/haw-co2free.com\/wp-content\/uploads\/2023\/10\/Co2FREE_MainstreamRenewableP_RomanaHartke.pdf\" target=\"_blank\" rel=\"noopener\">Co2FREE_MainstreamRenewableP_RomanaHartke.pdf<\/a><\/li>\n<\/ul>\n<div style=\"margin: 32px 0 0;\"><strong>Approches technologiques pour le transport international d\u2019hydrog\u00e8ne<\/strong><br \/>\nProf. Sebastian Timmerberg, Fakult\u00e4t Life Sience, HAW Hamburg<\/div>\n<ul>\n<li><a href=\"https:\/\/haw-co2free.com\/wp-content\/uploads\/2023\/10\/CO2FREE_HAW_SebastianTimmerberg.pdf\" target=\"_blank\" rel=\"noopener\">CO2FREE_HAW_SebastianTimmerberg.pdf<\/a><\/li>\n<\/ul>\n<div style=\"margin: 32px 0 0;\"><strong>Preparing West Africa for a hydrogen economy<\/strong><br \/>\n<em>Michelle Olufeso, CODAHEA<\/em><\/div>\n<ul>\n<li><a href=\"https:\/\/haw-co2free.com\/wp-content\/uploads\/2023\/10\/Co2FREE_CODAHEA_MichelleOlufeso.pdf\" target=\"_blank\" rel=\"noopener\">Co2FREE_CODAHEA_MichelleOlufeso.pdf<\/a><\/li>\n<\/ul>\n <\/div>[\/vc_column_inner][\/vc_row_inner][\/vc_column][\/vc_row]\n","protected":false},"excerpt":{"rendered":"<p>[vc_row type=\u00a0\u00bbfull_width_background\u00a0\u00bb full_screen_row_position=\u00a0\u00bbmiddle\u00a0\u00bb column_margin=\u00a0\u00bbdefault\u00a0\u00bb column_direction=\u00a0\u00bbdefault\u00a0\u00bb column_direction_tablet=\u00a0\u00bbdefault\u00a0\u00bb column_direction_phone=\u00a0\u00bbdefault\u00a0\u00bb bg_color=\u00a0\u00bb#ffffff\u00a0\u00bb scene_position=\u00a0\u00bbcenter\u00a0\u00bb top_padding=\u00a0\u00bb5%\u00a0\u00bb bottom_padding=\u00a0\u00bb5%\u00a0\u00bb text_color=\u00a0\u00bbdark\u00a0\u00bb text_align=\u00a0\u00bbleft\u00a0\u00bb row_border_radius=\u00a0\u00bbnone\u00a0\u00bb row_border_radius_applies=\u00a0\u00bbbg\u00a0\u00bb overflow=\u00a0\u00bbvisible\u00a0\u00bb overlay_strength=\u00a0\u00bb1&Prime; gradient_direction=\u00a0\u00bbleft_to_right\u00a0\u00bb shape_divider_position=\u00a0\u00bbbottom\u00a0\u00bb bg_image_animation=\u00a0\u00bbnone\u00a0\u00bb gradient_type=\u00a0\u00bbdefault\u00a0\u00bb shape_type=\u00a0\u00bb\u00a0\u00bb][vc_column column_padding=\u00a0\u00bbno-extra-padding\u00a0\u00bb column_padding_tablet=\u00a0\u00bbinherit\u00a0\u00bb column_padding_phone=\u00a0\u00bbinherit\u00a0\u00bb&#8230;<\/p>\n","protected":false},"author":3,"featured_media":0,"parent":1239,"menu_order":0,"comment_status":"closed","ping_status":"closed","template":"","meta":{"inline_featured_image":false,"footnotes":""},"class_list":["post-1940","page","type-page","status-publish"],"_links":{"self":[{"href":"https:\/\/haw-co2free.com\/fr\/wp-json\/wp\/v2\/pages\/1940","targetHints":{"allow":["GET"]}}],"collection":[{"href":"https:\/\/haw-co2free.com\/fr\/wp-json\/wp\/v2\/pages"}],"about":[{"href":"https:\/\/haw-co2free.com\/fr\/wp-json\/wp\/v2\/types\/page"}],"author":[{"embeddable":true,"href":"https:\/\/haw-co2free.com\/fr\/wp-json\/wp\/v2\/users\/3"}],"replies":[{"embeddable":true,"href":"https:\/\/haw-co2free.com\/fr\/wp-json\/wp\/v2\/comments?post=1940"}],"version-history":[{"count":2,"href":"https:\/\/haw-co2free.com\/fr\/wp-json\/wp\/v2\/pages\/1940\/revisions"}],"predecessor-version":[{"id":1942,"href":"https:\/\/haw-co2free.com\/fr\/wp-json\/wp\/v2\/pages\/1940\/revisions\/1942"}],"up":[{"embeddable":true,"href":"https:\/\/haw-co2free.com\/fr\/wp-json\/wp\/v2\/pages\/1239"}],"wp:attachment":[{"href":"https:\/\/haw-co2free.com\/fr\/wp-json\/wp\/v2\/media?parent=1940"}],"curies":[{"name":"wp","href":"https:\/\/api.w.org\/{rel}","templated":true}]}}